{"id":1912,"date":"2025-06-03T14:19:47","date_gmt":"2025-06-03T11:19:47","guid":{"rendered":"https:\/\/kosterlatvija.lv\/product\/koster-one-day-site-packer-13-mm-x-90-mm-ch\/"},"modified":"2025-12-04T02:00:09","modified_gmt":"2025-12-04T00:00:09","slug":"koster-one-day-site-packer-13-mm-x-90-mm-ch","status":"publish","type":"product","link":"https:\/\/kosterlatvija.lv\/en\/product\/koster-one-day-site-packer-13-mm-x-90-mm-ch\/","title":{"rendered":"K\u00d6STER One-Day-Site Packer 13 mm x 90 mm CH"},"content":{"rendered":"<p>The K\u00d6STER ONE-DAY-SITE packer allows injection work to be completed within a single day.<\/p>\n<p>The screw-in packer for pressure injection is equipped with a securely fixed conical head fitting and two check valves. Immediately after injection, the part of the port protruding from the wall can be unscrewed and removed. The central part of the port remains in the wall, sealing the borehole and preventing the injection material from escaping\u2014even under high pressure. The borehole can be sealed immediately after the injection.<\/p>","protected":false},"excerpt":{"rendered":"<p>K\u00d6STER VIENDIENAS VIETAS bl\u012bv\u0113t\u0101js \u013cauj veikt injekcijas darbus vienas dienas laik\u0101. Skr\u016bvju bl\u012bv\u0113t\u0101js spiediena injekcijai ir apr\u012bkots ar stingri piestiprin\u0101tu konusveida galvas stiprin\u0101jumu un div\u0101m atgriezenisk\u0101s pl\u016bsmas v\u0101rstiem. Uzreiz p\u0113c injekcijas da\u013cu no ostas, kas izvirz\u0101s no sienas, var atsuktu un no\u0146emt. Ostas centr\u0101l\u0101 da\u013ca paliek sien\u0101, nosl\u0113dzot urbumu, t\u0101d\u0113j\u0101di ne\u013caujot injekcijas materi\u0101lam izpl\u016bst no [&hellip;]<\/p>","protected":false},"featured_media":2224,"template":"","meta":{"_acf_changed":false,"koster_technical_data_sheet":"http:\/\/www.koster.lv\/files\/tds\/files\/lv_lv\/","koster_technical_specifications":"","koster_product_video":"","koster_additional_documents":""},"product_brand":[],"product_cat":[23],"product_tag":[],"class_list":{"0":"post-1912","1":"product","2":"type-product","3":"status-publish","4":"has-post-thumbnail","6":"product_cat-injekcijas-sistemas","8":"first","9":"onbackorder","10":"taxable","11":"shipping-taxable","12":"purchasable","13":"product-type-simple"},"acf":[],"_links":{"self":[{"href":"https:\/\/kosterlatvija.lv\/en\/wp-json\/wp\/v2\/product\/1912","targetHints":{"allow":["GET"]}}],"collection":[{"href":"https:\/\/kosterlatvija.lv\/en\/wp-json\/wp\/v2\/product"}],"about":[{"href":"https:\/\/kosterlatvija.lv\/en\/wp-json\/wp\/v2\/types\/product"}],"wp:featuredmedia":[{"embeddable":true,"href":"https:\/\/kosterlatvija.lv\/en\/wp-json\/wp\/v2\/media\/2224"}],"wp:attachment":[{"href":"https:\/\/kosterlatvija.lv\/en\/wp-json\/wp\/v2\/media?parent=1912"}],"wp:term":[{"taxonomy":"product_brand","embeddable":true,"href":"https:\/\/kosterlatvija.lv\/en\/wp-json\/wp\/v2\/product_brand?post=1912"},{"taxonomy":"product_cat","embeddable":true,"href":"https:\/\/kosterlatvija.lv\/en\/wp-json\/wp\/v2\/product_cat?post=1912"},{"taxonomy":"product_tag","embeddable":true,"href":"https:\/\/kosterlatvija.lv\/en\/wp-json\/wp\/v2\/product_tag?post=1912"}],"curies":[{"name":"wp","href":"https:\/\/api.w.org\/{rel}","templated":true}]}}