{"id":1881,"date":"2025-06-03T14:19:41","date_gmt":"2025-06-03T11:19:41","guid":{"rendered":"https:\/\/kosterlatvija.lv\/product\/koster-in-2\/"},"modified":"2025-12-04T02:00:14","modified_gmt":"2025-12-04T00:00:14","slug":"koster-in-2","status":"publish","type":"product","link":"https:\/\/kosterlatvija.lv\/en\/product\/koster-in-2\/","title":{"rendered":"K\u00d6STER IN 2"},"content":{"rendered":"<p class=\"&quot;\\&quot;\\\\&quot;\\\\\\\\&quot;\\\\\\\\\\\\\\\\&quot;MsoNormal\\\\\\\\\\\\\\\\&quot;\\\\\\\\&quot;\\\\&quot;\\&quot;&quot;\"><strong>2-component polyurethane injection resin. <\/strong><\/p>\n<p class=\"&quot;\\&quot;\\\\&quot;\\\\\\\\&quot;\\\\\\\\\\\\\\\\&quot;MsoNormal\\\\\\\\\\\\\\\\&quot;\\\\\\\\&quot;\\\\&quot;\\&quot;&quot;\">Patented, activates upon contact with water to form a waterproofing barrier. Used for sealing moving cracks.<\/p>","protected":false},"excerpt":{"rendered":"<p>2 komponentu injekcijas poliuret\u0101na sve\u0137i. Patent\u0113tie, aktiv\u0113jas saskarsme ar \u016bde\u0146iem un izveido hidroizol\u0101ciju. Izmanto kust\u012bgu plaisu bl\u012bv\u0113\u0161anai.<\/p>","protected":false},"featured_media":2249,"template":"","meta":{"_acf_changed":false,"koster_technical_data_sheet":"http:\/\/www.koster.lv\/files\/tds\/files\/lv_lv\/","koster_technical_specifications":"approx. 1.1 kg\/l void","koster_product_video":"","koster_additional_documents":""},"product_brand":[],"product_cat":[23],"product_tag":[],"class_list":{"0":"post-1881","1":"product","2":"type-product","3":"status-publish","4":"has-post-thumbnail","6":"product_cat-injekcijas-sistemas","8":"first","9":"onbackorder","10":"taxable","11":"shipping-taxable","12":"purchasable","13":"product-type-variable"},"acf":[],"_links":{"self":[{"href":"https:\/\/kosterlatvija.lv\/en\/wp-json\/wp\/v2\/product\/1881","targetHints":{"allow":["GET"]}}],"collection":[{"href":"https:\/\/kosterlatvija.lv\/en\/wp-json\/wp\/v2\/product"}],"about":[{"href":"https:\/\/kosterlatvija.lv\/en\/wp-json\/wp\/v2\/types\/product"}],"wp:featuredmedia":[{"embeddable":true,"href":"https:\/\/kosterlatvija.lv\/en\/wp-json\/wp\/v2\/media\/2249"}],"wp:attachment":[{"href":"https:\/\/kosterlatvija.lv\/en\/wp-json\/wp\/v2\/media?parent=1881"}],"wp:term":[{"taxonomy":"product_brand","embeddable":true,"href":"https:\/\/kosterlatvija.lv\/en\/wp-json\/wp\/v2\/product_brand?post=1881"},{"taxonomy":"product_cat","embeddable":true,"href":"https:\/\/kosterlatvija.lv\/en\/wp-json\/wp\/v2\/product_cat?post=1881"},{"taxonomy":"product_tag","embeddable":true,"href":"https:\/\/kosterlatvija.lv\/en\/wp-json\/wp\/v2\/product_tag?post=1881"}],"curies":[{"name":"wp","href":"https:\/\/api.w.org\/{rel}","templated":true}]}}