{"id":1810,"date":"2025-06-03T14:19:27","date_gmt":"2025-06-03T11:19:27","guid":{"rendered":"https:\/\/kosterlatvija.lv\/product\/koster-kb-fix-5\/"},"modified":"2025-12-04T02:00:14","modified_gmt":"2025-12-04T00:00:14","slug":"koster-kb-fix-5","status":"publish","type":"product","link":"https:\/\/kosterlatvija.lv\/en\/product\/koster-kb-fix-5\/","title":{"rendered":"K\u00d6STER KB-FIX 5"},"content":{"rendered":"<p class=\"\\&quot;\\\\&quot;\\\\\\\\&quot;\\\\\\\\\\\\\\\\&quot;MsoNormal\\\\\\\\\\\\\\\\&quot;\\\\\\\\&quot;\\\\&quot;\\&quot;\"><strong>Fast-setting cement-based powder (approx. 5 min) <\/strong><\/p>\n<p class=\"\\&quot;\\\\&quot;\\\\\\\\&quot;\\\\\\\\\\\\\\\\&quot;MsoNormal\\\\\\\\\\\\\\\\&quot;\\\\\\\\&quot;\\\\&quot;\\&quot;\">Free from soda and chlorides. Waterproof, resistant to low temperatures and frost. Used for rapid surface repair.<\/p>\n<p>&nbsp;<\/p>","protected":false},"excerpt":{"rendered":"<p>\u0100tri ciet\u0113jo\u0161ais cementa b\u0101zes pulveris (apm. 5.min). Nesatur sodu un hlor\u012bdus. \u016adens necaurlaid\u012bgs, iztur\u012bgs pret zemam temperat\u016br\u0101m un saliem. Izmanto \u0101tram virsmas remontam. &nbsp;<\/p>","protected":false},"featured_media":2251,"template":"","meta":{"_acf_changed":false,"koster_technical_data_sheet":"http:\/\/www.koster.lv\/files\/tds\/files\/lv_lv\/","koster_technical_specifications":"approx. 1.8 kg\/l void","koster_product_video":"","koster_additional_documents":""},"product_brand":[],"product_cat":[31],"product_tag":[],"class_list":{"0":"post-1810","1":"product","2":"type-product","3":"status-publish","4":"has-post-thumbnail","6":"product_cat-betona-remonts-un-aizsardzibas-sistemas","8":"first","9":"onbackorder","10":"taxable","11":"shipping-taxable","12":"purchasable","13":"product-type-variable"},"acf":[],"_links":{"self":[{"href":"https:\/\/kosterlatvija.lv\/en\/wp-json\/wp\/v2\/product\/1810","targetHints":{"allow":["GET"]}}],"collection":[{"href":"https:\/\/kosterlatvija.lv\/en\/wp-json\/wp\/v2\/product"}],"about":[{"href":"https:\/\/kosterlatvija.lv\/en\/wp-json\/wp\/v2\/types\/product"}],"wp:featuredmedia":[{"embeddable":true,"href":"https:\/\/kosterlatvija.lv\/en\/wp-json\/wp\/v2\/media\/2251"}],"wp:attachment":[{"href":"https:\/\/kosterlatvija.lv\/en\/wp-json\/wp\/v2\/media?parent=1810"}],"wp:term":[{"taxonomy":"product_brand","embeddable":true,"href":"https:\/\/kosterlatvija.lv\/en\/wp-json\/wp\/v2\/product_brand?post=1810"},{"taxonomy":"product_cat","embeddable":true,"href":"https:\/\/kosterlatvija.lv\/en\/wp-json\/wp\/v2\/product_cat?post=1810"},{"taxonomy":"product_tag","embeddable":true,"href":"https:\/\/kosterlatvija.lv\/en\/wp-json\/wp\/v2\/product_tag?post=1810"}],"curies":[{"name":"wp","href":"https:\/\/api.w.org\/{rel}","templated":true}]}}