{"id":3,"date":"2025-05-18T15:44:39","date_gmt":"2025-05-18T15:44:39","guid":{"rendered":"https:\/\/kosterlatvija.lv\/?page_id=3"},"modified":"2025-06-11T16:52:10","modified_gmt":"2025-06-11T13:52:10","slug":"privatuma-politika","status":"publish","type":"page","link":"https:\/\/kosterlatvija.lv\/en\/privatuma-politika\/","title":{"rendered":"Privacy policy"},"content":{"rendered":"<div class=\"section padding-block-d alignfull\">\n<div class=\"container text-align--center column align-center\">\n<h2 class=\"section-title justify-content--center\"><span class=\"gb-shape\"><svg xmlns=\"http:\/\/www.w3.org\/2000\/svg\" width=\"76.05\" height=\"49.77\" viewbox=\"0 0 76.05 49.77\"><title>11-1<\/title><polyline points=\"30.65 0 48.2 0 17.92 49.77 0 49.77\" fill=\"#49ad33\"><\/polyline><polyline points=\"58.49 0 76.05 0 45.76 49.77 27.84 49.77\" fill=\"#49ad33\"><\/polyline><\/svg><\/span><span class=\"gb-text\">Privacy policy<\/span><\/h2>\n<\/div>\n<\/div>\n\n\n\n<div class=\"legal-info-conainer\">\n<p>\u0160eit atrad\u012bsiet visu inform\u0101ciju par to k\u0101 SIA&nbsp;CM Serviss&nbsp;apstr\u0101d\u0101, izmanto un uzglab\u0101 j\u016bsu iesniegtos datus, ko interneta vietn\u0113 SIA&nbsp;CM Serviss&nbsp;ieg\u016bst no saviem klientiem un person\u0101m, kas apmekl\u0113 m\u0101jas lapu www.kosterlatvija.lv.<br><br>Visus lietot\u0101ja iesniegtos personas datus kontrol\u0113 Latvij\u0101 re\u0123istr\u0113ts uz\u0146\u0113mums SIA&nbsp;CM Serviss&nbsp;\/turpm\u0101k saukts ar\u012b \u2013 \u201cDatu p\u0101rzinis\u201d\/<br><br><strong>SIA&nbsp;CM Serviss&nbsp;<\/strong><br>LV40003728757<br>PVN&nbsp;Nr: LV40003728757<br><br>SIA&nbsp;CM Serviss&nbsp;uz\u0146emas atbild\u012bbu par visiem iesniegtajiem personas datiem \/turpm\u0101k saukti \u2013 \u201cDatu subjekts\u201d vai \u201cJ\u016bs\u201d\/ saska\u0146\u0101 ar datu aizsardz\u012bbas likumu.<\/p>\n\n\n\n<p>Personas dati ir jebkura inform\u0101cija attiec\u012bb\u0101 uz identific\u0113tu vai identific\u0113jamu fizisku personu, t. i., Datu subjektu. Apstr\u0101de ir jebkura ar personas datiem saist\u012bta darb\u012bba, piem\u0113ram, ieg\u016b\u0161ana, ierakst\u012b\u0161ana, p\u0101rveido\u0161ana, izmanto\u0161ana, skat\u012b\u0161ana, dz\u0113\u0161ana vai izn\u012bcin\u0101\u0161ana.<\/p>\n\n\n\n<p>Datu p\u0101rzinis iev\u0113ro likumdo\u0161an\u0101 paredz\u0113tos datu apstr\u0101des principus un sp\u0113j apstiprin\u0101t, ka personas dati tiek apstr\u0101d\u0101ti saska\u0146\u0101 ar sp\u0113k\u0101 eso\u0161o likumdo\u0161anu.<\/p>\n\n\n\n<h2 class=\"gb-text title-small\">Personas datu ieg\u016b\u0161ana, apstr\u0101de un glab\u0101\u0161ana<\/h2>\n\n\n\n<p>Personu identific\u0113jo\u0161u inform\u0101ciju Datu p\u0101rzinis ieg\u016bst, apstr\u0101d\u0101 un glab\u0101, galvenok\u0101rt izmantojot interneta veikala vietni, e-pastu un, ja nepiecie\u0161ams, ar\u012b pap\u012bra form\u0101t\u0101.<\/p>\n\n\n\n<p>Apmekl\u0113jot un izmantojot interneta veikal\u0101 sniegtos pakalpojumus, J\u016bs piekr\u012btat, ka jebkura sniegt\u0101 inform\u0101cija tiek izmantota un p\u0101rvald\u012bta atbilsto\u0161i Priv\u0101tuma politik\u0101 noteiktajiem m\u0113r\u0137iem.<\/p>\n\n\n\n<p>J\u016bsu datus dr\u012bkst koplietot SIA&nbsp;CM Serviss&nbsp;ietvaros. Uz\u0146\u0113mums nenodod, nep\u0101rdod j\u016bsu datus vai nemain\u0101s ar tre\u0161aj\u0101m person\u0101m \u0101rpus&nbsp;SIA&nbsp;CM Serviss&nbsp;. Visa j\u016bsu sniegt\u0101 inform\u0101cija tiek apkopota dro\u0161\u0101 veid\u0101, izmantojot SSL protokolu, kas \u0161ifr\u0113 j\u016bsu inform\u0101ciju kodos, lai j\u016bsu inform\u0101cija p\u0101rs\u016bt\u012b\u0161anas laik\u0101 internet\u0101 b\u016btu dro\u0161\u012bb\u0101.<\/p>\n\n\n\n<p>Datu subjekts ir atbild\u012bgs par to, lai iesniegtie personas dati b\u016btu pareizi, prec\u012bzi un piln\u012bgi. Apzin\u0101ta nepatiesas inform\u0101cijas snieg\u0161ana tiek uzskat\u012bta par m\u016bsu Priv\u0101tuma politikas p\u0101rk\u0101pumu. Jums ir pien\u0101kums nekav\u0113joties pazi\u0146ot SIA&nbsp;CM Serviss&nbsp;par jebkur\u0101m izmai\u0146\u0101m iesniegtajos personas datos.<\/p>\n\n\n\n<p>SIA&nbsp;CM Serviss&nbsp;nav atbild\u012bgs par zaud\u0113jumiem, kas nodar\u012bti Datu subjektam vai tre\u0161aj\u0101m person\u0101m, ja tie radu\u0161ies nepatiesi iesniegtu personas datu d\u0113\u013c.<\/p>\n\n\n\n<h2 class=\"gb-text title-small\">Klientu personas datu apstr\u0101de<\/h2>\n\n\n\n<p>SIA&nbsp;CM Serviss&nbsp;var apstr\u0101d\u0101t \u0161\u0101dus personas datus: v\u0101rds, uzv\u0101rds, dzim\u0161anas datums, kontaktinform\u0101cija (e-pasta adrese un\/vai t\u0101lru\u0146a numurs), dar\u012bjuma dati (ieg\u0101d\u0101t\u0101s preces, pieg\u0101des adrese, cena, maks\u0101juma inform\u0101cija u.t.t.). T\u0101pat ar\u012b jebkuru citu inform\u0101ciju, kura iesniegta mums vietnes pied\u0101v\u0101to pakalpojumu un pre\u010du ieg\u0101des laik\u0101 vai sazinoties ar mums.<\/p>\n\n\n\n<p>Papildus iepriek\u0161min\u0113tajam, SIA&nbsp;CM Serviss&nbsp;ir ties\u012bbas p\u0101rbaud\u012bt iesniegto datu precizit\u0101ti, izmantojot publiski pieejamos re\u0123istrus.<\/p>\n\n\n\n<p>Personas datu apstr\u0101des juridiskais pamats ir Visp\u0101r\u012bg\u0101s datu aizsardz\u012bbas regulas 6.panta 1.punkta a), b),&nbsp;un&nbsp;c) apak\u0161punkts:<\/p>\n\n\n\n<ul class=\"wp-block-list\">\n<li>a) datu subjekts ir devis piekri\u0161anu savu personas datu apstr\u0101dei vienam vai vair\u0101kiem konkr\u0113tiem nol\u016bkiem;<\/li>\n\n\n\n<li>b) apstr\u0101de ir vajadz\u012bga l\u012bguma, kura l\u012bgumsl\u0113dz\u0113ja puse ir datu subjekts, izpildei vai pas\u0101kumu veik\u0161anai p\u0113c datu subjekta piepras\u012bjuma pirms l\u012bguma nosl\u0113g\u0161anas;<\/li>\n\n\n\n<li>c) apstr\u0101de ir vajadz\u012bga, lai izpild\u012btu uz p\u0101rzini attiecin\u0101mu juridisku pien\u0101kumu;<\/li>\n<\/ul>\n\n\n\n<p>SIA&nbsp;CM Serviss&nbsp;glab\u0101 un apstr\u0101d\u0101 Datu subjekta personas datus, kam\u0113r past\u0101v vismaz viens no zem\u0101k nor\u0101d\u012btajiem krit\u0113rijiem:<\/p>\n\n\n\n<ol class=\"wp-block-list\">\n<li>Personas dati nepiecie\u0161ami tiem nol\u016bkiem, kam tie sa\u0146emti;<\/li>\n\n\n\n<li>Kam\u0113r \u0101r\u0113jos normat\u012bvajos aktos noteiktaj\u0101 k\u0101rt\u012bb\u0101 Datu p\u0101rzinis un\/vai Datu subjekts var realiz\u0113t savas le\u0123it\u012bm\u0101s intereses, k\u0101 piem\u0113ram, iesniegt iebildumus vai celt vai vest pras\u012bbu ties\u0101;<\/li>\n\n\n\n<li>Kam\u0113r past\u0101v juridisks pien\u0101kums datus glab\u0101t, k\u0101 piem\u0113ram, saska\u0146\u0101 ar Gr\u0101matved\u012bbas likumu;<\/li>\n\n\n\n<li>Kam\u0113r ir sp\u0113k\u0101 Datu subjekta piekri\u0161ana attiec\u012bgajai personas datu apstr\u0101dei, ja nepast\u0101v cits personas datu apstr\u0101des likum\u012bgs pamats.<\/li>\n<\/ol>\n\n\n\n<p>Izbeidzoties \u0161aj\u0101 punkt\u0101 min\u0113tajiem apst\u0101k\u013ciem, izbeidzas ar\u012b Datu subjekta personas datu glab\u0101\u0161anas termi\u0146\u0161 un visi attiec\u012bgie personas dati tiek neatgriezeniski izdz\u0113sti no datoru sist\u0113m\u0101m un elektroniskajiem un\/vai pap\u012bra dokumentiem, kas satur\u0113ju\u0161i attiec\u012bgos personas datus vai ar\u012b \u0161ie dokumenti tiek&nbsp;anonimiz\u0113ti.<\/p>\n\n\n\n<p>Lai pild\u012btu savas saist\u012bbas pret Jums, SIA&nbsp;CM Serviss&nbsp;ir ties\u012bbas nodot J\u016bsu personas datus sadarb\u012bbas partneriem, datu apstr\u0101d\u0101t\u0101jiem, kas veic nepiecie\u0161amo datu apstr\u0101di m\u016bsu uzdevum\u0101, piem\u0113ram, gr\u0101matve\u017eiem,&nbsp;kurjerdienestiem&nbsp;u.c. Datu apstr\u0101d\u0101t\u0101js ir personas datu p\u0101rzinis.&nbsp;<a><\/a>Maks\u0101jumu apstr\u0101di nodro\u0161ina maks\u0101jumu platforma&nbsp;klix.lv,&nbsp;t\u0101p\u0113c m\u016bsu uz\u0146\u0113mums maks\u0101jumu izpildei nepiecie\u0161amos personas datus nodod platformas \u012bpa\u0161niekam&nbsp;Citadele&nbsp;banka&nbsp;AS.<br>P\u0113c piepras\u012bjuma m\u0113s varam nodot J\u016bsu personas datus valsts un&nbsp;ties\u012bbsarg\u0101jo\u0161aj\u0101m&nbsp;iest\u0101d\u0113m, lai nepiecie\u0161am\u012bbas gad\u012bjum\u0101 aizst\u0101v\u0113tu savas juridisk\u0101s intereses, sast\u0101dot, iesniedzot un aizst\u0101vot juridiskas pras\u012bbas.<\/p>\n\n\n\n<p>Apstr\u0101d\u0101jot un glab\u0101jot personas datus, SIA&nbsp;CM Serviss&nbsp;\u012bsteno organizatoriskos un tehniskos pas\u0101kumus, lai nodro\u0161in\u0101tu personas datu aizsardz\u012bbu pret nejau\u0161u vai nelikum\u012bgu izn\u012bcin\u0101\u0161anu, main\u012b\u0161anu, izpau\u0161anu un jebk\u0101du citu nelikum\u012bgu apstr\u0101di.<\/p>\n\n\n\n<h2 class=\"gb-text title-small\">Klienta ties\u012bbas<\/h2>\n\n\n\n<p>Saska\u0146\u0101 ar Visp\u0101r\u012bgo datu aizsardz\u012bbas regulu un Latvijas Republikas ties\u012bbu aktiem Jums ir ties\u012bbas:<\/p>\n\n\n\n<ol class=\"wp-block-list\">\n<li>Piek\u013c\u016bt saviem personas datiem, sa\u0146emt inform\u0101ciju par to apstr\u0101di, k\u0101 ar\u012b piepras\u012bt J\u016bsu personas datu kopiju elektronisk\u0101 form\u0101t\u0101 un ties\u012bbas uz \u0161o datu nodo\u0161anu citam p\u0101rzinim (datu p\u0101rnesam\u012bba);<\/li>\n\n\n\n<li>Piepras\u012bt labot nepareizus, neprec\u012bzus vai nepiln\u012bgus personas datus;<\/li>\n\n\n\n<li>Dz\u0113st savus personas datus (\u201ctikt aizmirstam\u201d), iz\u0146emot gad\u012bjumus, kad likums pieprasa saglab\u0101t datus;<\/li>\n\n\n\n<li>Atsaukt savu iepriek\u0161 sniegto piekri\u0161anu personas datu apstr\u0101dei;<\/li>\n\n\n\n<li>Ierobe\u017eot savu datu apstr\u0101di \u2013 ties\u012bbas piepras\u012bt, lai m\u0113s \u012bslaic\u012bgi pavisam p\u0101rtraucam apstr\u0101d\u0101t visus J\u016bsu personas datus;<\/li>\n\n\n\n<li>V\u0113rsties Datu valsts inspekcij\u0101<\/li>\n<\/ol>\n\n\n\n<p>Piepras\u012bjumu par savu ties\u012bbu \u012bsteno\u0161anu varat iesniegt, ies\u016btot piepras\u012bjumu elektroniski, parakst\u012btu ar dro\u0161u elektronisko parakstu,&nbsp;s\u016btot&nbsp;uz klientu atbalsta dienestu info@kosterlatvija.lv.<\/p>\n\n\n\n<h2 class=\"gb-text title-small\">Nobeiguma noteikumi<\/h2>\n\n\n\n<p>\u0160\u012b Priv\u0101tuma politika izstr\u0101d\u0101ta saska\u0146\u0101 ar Eiropas Parlamenta un Padomes regulu (ES) 2016\/679 (2016. gada 27. apr\u012blis) par fizisku personu aizsardz\u012bbu attiec\u012bb\u0101 uz personas datu apstr\u0101di un \u0161\u0101du datu br\u012bvu apriti un ar ko atce\u013c Direkt\u012bvu 95\/46\/EK (Visp\u0101r\u012bg\u0101 datu aizsardz\u012bbas regula), k\u0101 ar\u012b Latvijas Republikas un Eiropas Savien\u012bbas sp\u0113k\u0101 eso\u0161ajiem likumiem.<\/p>\n\n\n\n<p>SIA&nbsp;CM Serviss&nbsp;ir ties\u012bbas veikt izmai\u0146as vai papildin\u0101jumus Priv\u0101tuma politik\u0101 jebkur\u0101 br\u012bd\u012b un bez iepriek\u0161\u0113ja br\u012bdin\u0101juma. Labojumi st\u0101jas sp\u0113k\u0101 p\u0113c to public\u0113\u0161anas m\u0101jas&nbsp;lap\u0101 kosterlatvija.lv.<\/p>\n<\/div>","protected":false},"excerpt":{"rendered":"<p>11-1Priv\u0101tuma politika \u0160eit atrad\u012bsiet visu inform\u0101ciju par to k\u0101 SIA&nbsp;CM Serviss&nbsp;apstr\u0101d\u0101, izmanto un uzglab\u0101 j\u016bsu iesniegtos datus, ko interneta vietn\u0113 SIA&nbsp;CM Serviss&nbsp;ieg\u016bst no saviem klientiem un person\u0101m, kas apmekl\u0113 m\u0101jas lapu www.kosterlatvija.lv. Visus lietot\u0101ja iesniegtos personas datus kontrol\u0113 Latvij\u0101 re\u0123istr\u0113ts uz\u0146\u0113mums SIA&nbsp;CM Serviss&nbsp;\/turpm\u0101k saukts ar\u012b \u2013 \u201cDatu p\u0101rzinis\u201d\/ SIA&nbsp;CM Serviss&nbsp;LV40003728757PVN&nbsp;Nr: LV40003728757 SIA&nbsp;CM Serviss&nbsp;uz\u0146emas atbild\u012bbu par [&hellip;]<\/p>","protected":false},"author":1,"featured_media":0,"parent":0,"menu_order":0,"comment_status":"closed","ping_status":"closed","template":"","meta":{"_acf_changed":false,"footnotes":""},"class_list":["post-3","page","type-page","status-publish","hentry"],"blocksy_meta":{"has_hero_section":"disabled","vertical_spacing_source":"custom","content_area_spacing":"bottom","styles_descriptor":{"styles":{"desktop":"","tablet":"","mobile":""},"google_fonts":[],"version":6}},"acf":[],"_links":{"self":[{"href":"https:\/\/kosterlatvija.lv\/en\/wp-json\/wp\/v2\/pages\/3","targetHints":{"allow":["GET"]}}],"collection":[{"href":"https:\/\/kosterlatvija.lv\/en\/wp-json\/wp\/v2\/pages"}],"about":[{"href":"https:\/\/kosterlatvija.lv\/en\/wp-json\/wp\/v2\/types\/page"}],"author":[{"embeddable":true,"href":"https:\/\/kosterlatvija.lv\/en\/wp-json\/wp\/v2\/users\/1"}],"replies":[{"embeddable":true,"href":"https:\/\/kosterlatvija.lv\/en\/wp-json\/wp\/v2\/comments?post=3"}],"version-history":[{"count":4,"href":"https:\/\/kosterlatvija.lv\/en\/wp-json\/wp\/v2\/pages\/3\/revisions"}],"predecessor-version":[{"id":2325,"href":"https:\/\/kosterlatvija.lv\/en\/wp-json\/wp\/v2\/pages\/3\/revisions\/2325"}],"wp:attachment":[{"href":"https:\/\/kosterlatvija.lv\/en\/wp-json\/wp\/v2\/media?parent=3"}],"curies":[{"name":"wp","href":"https:\/\/api.w.org\/{rel}","templated":true}]}}