{"id":234,"date":"2025-05-20T12:18:02","date_gmt":"2025-05-20T09:18:02","guid":{"rendered":"https:\/\/kosterlatvija.lv\/?page_id=234"},"modified":"2025-08-06T16:30:16","modified_gmt":"2025-08-06T13:30:16","slug":"kontakti","status":"publish","type":"page","link":"https:\/\/kosterlatvija.lv\/en\/kontakti\/","title":{"rendered":"Contacts"},"content":{"rendered":"<div class=\"padding-block-d gb-element-0ed87fd3 alignfull\">\n<div class=\"container text-align--center\">\n<h2 class=\"section-title justify-content--center\"><span class=\"gb-shape\"><svg xmlns=\"http:\/\/www.w3.org\/2000\/svg\" width=\"76.05\" height=\"49.77\" viewbox=\"0 0 76.05 49.77\"><title>11-1<\/title><polyline points=\"30.65 0 48.2 0 17.92 49.77 0 49.77\" fill=\"#49ad33\"><\/polyline><polyline points=\"58.49 0 76.05 0 45.76 49.77 27.84 49.77\" fill=\"#49ad33\"><\/polyline><\/svg><\/span><span class=\"gb-text\">Contacts<\/span><\/h2>\n<\/div>\n<\/div>\n\n\n\n<section class=\"section alignfull\">\n<div class=\"container contact-details__container grid-3 gap-l\">\n<div class=\"person-box\">\n<img loading=\"lazy\" decoding=\"async\" width=\"1066\" height=\"1600\" class=\"person-img gb-media-e9aae14b\" alt=\"\" src=\"https:\/\/kosterlatvija.lv\/wp-content\/uploads\/2025\/06\/WhatsApp-Image-2025-06-13-at-11.02.58.jpeg\" title=\"WhatsApp Image 2025-06-13 at 11.02.58\" srcset=\"https:\/\/kosterlatvija.lv\/wp-content\/uploads\/2025\/06\/WhatsApp-Image-2025-06-13-at-11.02.58.jpeg 1066w, https:\/\/kosterlatvija.lv\/wp-content\/uploads\/2025\/06\/WhatsApp-Image-2025-06-13-at-11.02.58-200x300.jpeg 200w, https:\/\/kosterlatvija.lv\/wp-content\/uploads\/2025\/06\/WhatsApp-Image-2025-06-13-at-11.02.58-682x1024.jpeg 682w, https:\/\/kosterlatvija.lv\/wp-content\/uploads\/2025\/06\/WhatsApp-Image-2025-06-13-at-11.02.58-768x1153.jpeg 768w, https:\/\/kosterlatvija.lv\/wp-content\/uploads\/2025\/06\/WhatsApp-Image-2025-06-13-at-11.02.58-1023x1536.jpeg 1023w, https:\/\/kosterlatvija.lv\/wp-content\/uploads\/2025\/06\/WhatsApp-Image-2025-06-13-at-11.02.58-600x901.jpeg 600w\" sizes=\"auto, (max-width: 1066px) 100vw, 1066px\" \/>\n\n\n\n<div class=\"person-info\">\n<div>\n<h3 class=\"gb-text\">M\u0101ris Kapusts<\/h3>\n\n\n\n<p>board member<\/p>\n<\/div>\n\n\n<div class=\"ct-block-wrapper\" style=\"margin-right:0;margin-left:0;margin-top:0;margin-bottom:0;\">\n<div class=\"ct-contact-info-block\" style=\"--theme-icon-size:20px;--items-spacing:7px;--items-direction:column;--theme-icon-hover-color:var(--wp--preset--color--palette-color-1);\">\n\t\t<ul data-icons-type=\"simple\">\n\t\t\t\t\t\t\t\t\t\t\t<li class=\"\">\n\t\t\t\t\t<span class=\"ct-icon-container\"><svg aria-hidden=\"true\" width=\"20\" height=\"20\" viewbox=\"0,0,512,512\"><path d=\"M497.39 361.8l-112-48a24 24 0 0 0-28 6.9l-49.6 60.6A370.66 370.66 0 0 1 130.6 204.11l60.6-49.6a23.94 23.94 0 0 0 6.9-28l-48-112A24.16 24.16 0 0 0 122.6.61l-104 24A24 24 0 0 0 0 48c0 256.5 207.9 464 464 464a24 24 0 0 0 23.4-18.6l24-104a24.29 24.29 0 0 0-14.01-27.6z\" \/><\/svg><\/span>\n\t\t\t\t\t\t\t\t\t\t\t<div class=\"contact-info\">\n\t\t\t\t\t\t\t\n\t\t\t\t\t\t\t\t\t\t\t\t\t\t\t<span class=\"contact-text\">\n\t\t\t\t\t\t\t\t\t\t\t\t\t\t\t\t\t\t\t<a href=\"tel:+371%2029718985\" >\n\t\t\t\t\t\t\t\t\t\n\t\t\t\t\t\t\t\t\t+371 29718985\n\t\t\t\t\t\t\t\t\t\t\t\t\t\t\t\t\t\t\t<\/a>\n\t\t\t\t\t\t\t\t\t\t\t\t\t\t\t\t\t<\/span>\n\t\t\t\t\t\t\t\t\t\t\t\t\t<\/div>\n\t\t\t\t\t\t\t\t\t<\/li>\n\t\t\t\t\t\t\t\t\t\t\t<li class=\"\">\n\t\t\t\t\t<span class=\"ct-icon-container\"><svg aria-hidden=\"true\" width=\"20\" height=\"20\" viewbox=\"0,0,512,512\"><path d=\"M502.3 190.8c3.9-3.1 9.7-.2 9.7 4.7V400c0 26.5-21.5 48-48 48H48c-26.5 0-48-21.5-48-48V195.6c0-5 5.7-7.8 9.7-4.7 22.4 17.4 52.1 39.5 154.1 113.6 21.1 15.4 56.7 47.8 92.2 47.6 35.7.3 72-32.8 92.3-47.6 102-74.1 131.6-96.3 154-113.7zM256 320c23.2.4 56.6-29.2 73.4-41.4 132.7-96.3 142.8-104.7 173.4-128.7 5.8-4.5 9.2-11.5 9.2-18.9v-19c0-26.5-21.5-48-48-48H48C21.5 64 0 85.5 0 112v19c0 7.4 3.4 14.3 9.2 18.9 30.6 23.9 40.7 32.4 173.4 128.7 16.8 12.2 50.2 41.8 73.4 41.4z\" \/><\/svg><\/span>\n\t\t\t\t\t\t\t\t\t\t\t<div class=\"contact-info\">\n\t\t\t\t\t\t\t\n\t\t\t\t\t\t\t\t\t\t\t\t\t\t\t<span class=\"contact-text\">\n\t\t\t\t\t\t\t\t\t\t\t\t\t\t\t\t\t\t\t<a href=\"mailto:&#109;&#097;&#114;&#105;s&#046;ka&#112;&#117;&#115;&#116;s&#064;kost&#101;&#114;l&#097;&#116;&#118;&#105;j&#097;.l&#118;\" >\n\t\t\t\t\t\t\t\t\t\n\t\t\t\t\t\t\t\t\t&#109;ar&#105;&#115;&#46;kapu&#115;t&#115;&#64;&#107;o&#115;te&#114;&#108;a&#116;&#118;&#105;&#106;&#97;.lv\n\t\t\t\t\t\t\t\t\t\t\t\t\t\t\t\t\t\t\t<\/a>\n\t\t\t\t\t\t\t\t\t\t\t\t\t\t\t\t\t<\/span>\n\t\t\t\t\t\t\t\t\t\t\t\t\t<\/div>\n\t\t\t\t\t\t\t\t\t<\/li>\n\t\t\t\t\t<\/ul>\n\n\t\t<\/div>\n<\/div><\/div>\n<\/div>\n\n\n\n<div class=\"person-box\">\n<img loading=\"lazy\" decoding=\"async\" width=\"640\" height=\"960\" class=\"person-img\" alt=\"\" src=\"https:\/\/kosterlatvija.lv\/wp-content\/uploads\/2025\/06\/WhatsApp-Image-2025-06-13-at-11.08.19.jpeg\" title=\"WhatsApp Image 2025-06-13 at 11.08.19\" srcset=\"https:\/\/kosterlatvija.lv\/wp-content\/uploads\/2025\/06\/WhatsApp-Image-2025-06-13-at-11.08.19.jpeg 640w, https:\/\/kosterlatvija.lv\/wp-content\/uploads\/2025\/06\/WhatsApp-Image-2025-06-13-at-11.08.19-200x300.jpeg 200w, https:\/\/kosterlatvija.lv\/wp-content\/uploads\/2025\/06\/WhatsApp-Image-2025-06-13-at-11.08.19-600x900.jpeg 600w\" sizes=\"auto, (max-width: 640px) 100vw, 640px\" \/>\n\n\n\n<div class=\"person-info\">\n<div>\n<h3 class=\"gb-text\">llze Linkuma<\/h3>\n\n\n\n<p>project manager<\/p>\n<\/div>\n\n\n<div class=\"ct-block-wrapper\" style=\"margin-right:0;margin-left:0;margin-top:0;margin-bottom:0;\">\n<div class=\"ct-contact-info-block\" style=\"--theme-icon-size:20px;--items-spacing:7px;--items-direction:column;--theme-icon-hover-color:var(--wp--preset--color--palette-color-1);\">\n\t\t<ul data-icons-type=\"simple\">\n\t\t\t\t\t\t\t\t\t\t\t<li class=\"\">\n\t\t\t\t\t<span class=\"ct-icon-container\"><svg aria-hidden=\"true\" width=\"20\" height=\"20\" viewbox=\"0,0,512,512\"><path d=\"M497.39 361.8l-112-48a24 24 0 0 0-28 6.9l-49.6 60.6A370.66 370.66 0 0 1 130.6 204.11l60.6-49.6a23.94 23.94 0 0 0 6.9-28l-48-112A24.16 24.16 0 0 0 122.6.61l-104 24A24 24 0 0 0 0 48c0 256.5 207.9 464 464 464a24 24 0 0 0 23.4-18.6l24-104a24.29 24.29 0 0 0-14.01-27.6z\" \/><\/svg><\/span>\n\t\t\t\t\t\t\t\t\t\t\t<div class=\"contact-info\">\n\t\t\t\t\t\t\t\n\t\t\t\t\t\t\t\t\t\t\t\t\t\t\t<span class=\"contact-text\">\n\t\t\t\t\t\t\t\t\t\t\t\t\t\t\t\t\t\t\t<a href=\"tel:+371%2026546948\" >\n\t\t\t\t\t\t\t\t\t\n\t\t\t\t\t\t\t\t\t+371 26546948\n\t\t\t\t\t\t\t\t\t\t\t\t\t\t\t\t\t\t\t<\/a>\n\t\t\t\t\t\t\t\t\t\t\t\t\t\t\t\t\t<\/span>\n\t\t\t\t\t\t\t\t\t\t\t\t\t<\/div>\n\t\t\t\t\t\t\t\t\t<\/li>\n\t\t\t\t\t\t\t\t\t\t\t<li class=\"\">\n\t\t\t\t\t<span class=\"ct-icon-container\"><svg aria-hidden=\"true\" width=\"20\" height=\"20\" viewbox=\"0,0,512,512\"><path d=\"M502.3 190.8c3.9-3.1 9.7-.2 9.7 4.7V400c0 26.5-21.5 48-48 48H48c-26.5 0-48-21.5-48-48V195.6c0-5 5.7-7.8 9.7-4.7 22.4 17.4 52.1 39.5 154.1 113.6 21.1 15.4 56.7 47.8 92.2 47.6 35.7.3 72-32.8 92.3-47.6 102-74.1 131.6-96.3 154-113.7zM256 320c23.2.4 56.6-29.2 73.4-41.4 132.7-96.3 142.8-104.7 173.4-128.7 5.8-4.5 9.2-11.5 9.2-18.9v-19c0-26.5-21.5-48-48-48H48C21.5 64 0 85.5 0 112v19c0 7.4 3.4 14.3 9.2 18.9 30.6 23.9 40.7 32.4 173.4 128.7 16.8 12.2 50.2 41.8 73.4 41.4z\" \/><\/svg><\/span>\n\t\t\t\t\t\t\t\t\t\t\t<div class=\"contact-info\">\n\t\t\t\t\t\t\t\n\t\t\t\t\t\t\t\t\t\t\t\t\t\t\t<span class=\"contact-text\">\n\t\t\t\t\t\t\t\t\t\t\t\t\t\t\t\t\t\t\t<a href=\"mailto:&#105;lz&#101;&#046;&#108;&#105;&#110;&#107;&#117;m&#097;&#064;&#107;&#111;st&#101;r&#108;a&#116;v&#105;&#106;&#097;&#046;&#108;v\" >\n\t\t\t\t\t\t\t\t\t\n\t\t\t\t\t\t\t\t\tilz&#101;&#46;l&#105;n&#107;&#117;&#109;a&#64;&#107;&#111;&#115;&#116;&#101;rla&#116;vij&#97;&#46;&#108;&#118;\n\t\t\t\t\t\t\t\t\t\t\t\t\t\t\t\t\t\t\t<\/a>\n\t\t\t\t\t\t\t\t\t\t\t\t\t\t\t\t\t<\/span>\n\t\t\t\t\t\t\t\t\t\t\t\t\t<\/div>\n\t\t\t\t\t\t\t\t\t<\/li>\n\t\t\t\t\t<\/ul>\n\n\t\t<\/div>\n<\/div><\/div>\n<\/div>\n\n\n\n<div class=\"column\">\n<div class=\"adress-box\">\n<h3 class=\"gb-text\">CM Serviss SIA<\/h3>\n\n\n<div class=\"ct-block-wrapper\" style=\"margin-right:0;margin-left:0;margin-top:0;margin-bottom:0;\">\n<div class=\"ct-contact-info-block\" style=\"--theme-icon-size:20px;--items-spacing:7px;--items-direction:column;--theme-icon-hover-color:var(--wp--preset--color--palette-color-1);\">\n\t\t<ul data-icons-type=\"simple\">\n\t\t\t\t\t\t\t\t\t\t\t<li class=\"\">\n\t\t\t\t\t<span class=\"ct-icon-container\"><svg aria-hidden=\"true\" width=\"20\" height=\"20\" viewbox=\"0,0,512,512\"><path d=\"M497.39 361.8l-112-48a24 24 0 0 0-28 6.9l-49.6 60.6A370.66 370.66 0 0 1 130.6 204.11l60.6-49.6a23.94 23.94 0 0 0 6.9-28l-48-112A24.16 24.16 0 0 0 122.6.61l-104 24A24 24 0 0 0 0 48c0 256.5 207.9 464 464 464a24 24 0 0 0 23.4-18.6l24-104a24.29 24.29 0 0 0-14.01-27.6z\" \/><\/svg><\/span>\n\t\t\t\t\t\t\t\t\t\t\t<div class=\"contact-info\">\n\t\t\t\t\t\t\t\n\t\t\t\t\t\t\t\t\t\t\t\t\t\t\t<span class=\"contact-text\">\n\t\t\t\t\t\t\t\t\t\t\t\t\t\t\t\t\t\t\t<a href=\"tel:+371%2029609000\" >\n\t\t\t\t\t\t\t\t\t\n\t\t\t\t\t\t\t\t\t+371 29609000\n\t\t\t\t\t\t\t\t\t\t\t\t\t\t\t\t\t\t\t<\/a>\n\t\t\t\t\t\t\t\t\t\t\t\t\t\t\t\t\t<\/span>\n\t\t\t\t\t\t\t\t\t\t\t\t\t<\/div>\n\t\t\t\t\t\t\t\t\t<\/li>\n\t\t\t\t\t\t\t\t\t\t\t<li class=\"\">\n\t\t\t\t\t<span class=\"ct-icon-container\"><svg aria-hidden=\"true\" width=\"20\" height=\"20\" viewbox=\"0,0,512,512\"><path d=\"M502.3 190.8c3.9-3.1 9.7-.2 9.7 4.7V400c0 26.5-21.5 48-48 48H48c-26.5 0-48-21.5-48-48V195.6c0-5 5.7-7.8 9.7-4.7 22.4 17.4 52.1 39.5 154.1 113.6 21.1 15.4 56.7 47.8 92.2 47.6 35.7.3 72-32.8 92.3-47.6 102-74.1 131.6-96.3 154-113.7zM256 320c23.2.4 56.6-29.2 73.4-41.4 132.7-96.3 142.8-104.7 173.4-128.7 5.8-4.5 9.2-11.5 9.2-18.9v-19c0-26.5-21.5-48-48-48H48C21.5 64 0 85.5 0 112v19c0 7.4 3.4 14.3 9.2 18.9 30.6 23.9 40.7 32.4 173.4 128.7 16.8 12.2 50.2 41.8 73.4 41.4z\" \/><\/svg><\/span>\n\t\t\t\t\t\t\t\t\t\t\t<div class=\"contact-info\">\n\t\t\t\t\t\t\t\n\t\t\t\t\t\t\t\t\t\t\t\t\t\t\t<span class=\"contact-text\">\n\t\t\t\t\t\t\t\t\t\t\t\t\t\t\t\t\t\t\t<a href=\"mailto:i&#110;f&#111;&#064;k&#111;ste&#114;&#108;&#097;&#116;v&#105;ja&#046;&#108;&#118;\" >\n\t\t\t\t\t\t\t\t\t\n\t\t\t\t\t\t\t\t\tinf&#111;&#64;ko&#115;&#116;erla&#116;&#118;i&#106;a&#46;lv\n\t\t\t\t\t\t\t\t\t\t\t\t\t\t\t\t\t\t\t<\/a>\n\t\t\t\t\t\t\t\t\t\t\t\t\t\t\t\t\t<\/span>\n\t\t\t\t\t\t\t\t\t\t\t\t\t<\/div>\n\t\t\t\t\t\t\t\t\t<\/li>\n\t\t\t\t\t<\/ul>\n\n\t\t<\/div>\n<\/div><\/div>\n\n\n\n<div class=\"adress-box\">\n<h3 class=\"gb-text\">Address<\/h3>\n\n\n\n<p class=\"gb-text-21509e3d\"><span class=\"gb-shape\"><svg aria-hidden=\"true\" role=\"img\" height=\"1em\" width=\"1em\" viewbox=\"0 0 384 512\" xmlns=\"http:\/\/www.w3.org\/2000\/svg\"><path fill=\"currentColor\" d=\"M172.268 501.67C26.97 291.031 0 269.413 0 192 0 85.961 85.961 0 192 0s192 85.961 192 192c0 77.413-26.97 99.031-172.268 309.67-9.535 13.774-29.93 13.773-39.464 0zM192 272c44.183 0 80-35.817 80-80s-35.817-80-80-80-80 35.817-80 80 35.817 80 80 80z\"><\/path><\/svg><\/span><span class=\"gb-text\">Dambja iela 6, Ogre, LV-5001<\/span><\/p>\n<\/div>\n\n\n\n<div class=\"adress-box\">\n<h3 class=\"gb-text\">Warehouse<\/h3>\n\n\n\n<p class=\"gb-text-a1d46a7a\"><span class=\"gb-shape\"><svg aria-hidden=\"true\" role=\"img\" height=\"1em\" width=\"1em\" viewbox=\"0 0 384 512\" xmlns=\"http:\/\/www.w3.org\/2000\/svg\"><path fill=\"currentColor\" d=\"M172.268 501.67C26.97 291.031 0 269.413 0 192 0 85.961 85.961 0 192 0s192 85.961 192 192c0 77.413-26.97 99.031-172.268 309.67-9.535 13.774-29.93 13.773-39.464 0zM192 272c44.183 0 80-35.817 80-80s-35.817-80-80-80-80 35.817-80 80 35.817 80 80 80z\"><\/path><\/svg><\/span><span class=\"gb-text\">Daugavpils 18, Ogre, LV-5001<\/span><\/p>\n<\/div>\n\n\n\n<div class=\"adress-box\">\n<h3 class=\"gb-text\">Company details<\/h3>\n\n\n\n<p class=\"gb-text\">SIA &#8220;CM Serviss&#8221;<br>Dambja iela 6, Ogre, Ogres nov., LV-5001<br>PVN re\u0123. numurs: LV40003728757<br>Bank: SEB Banka<br>SWIFT: UNLALV2X<br>IBAN: LV28UNLA0050005748470<\/p>\n<\/div>\n<\/div>\n<\/div>\n<\/section>\n\n\n\n<section class=\"section padding-block-d alignfull\">\n<div class=\"container grid-2 gap-d\">\n<iframe src=\"https:\/\/www.google.com\/maps\/embed?pb=!1m18!1m12!1m3!1d497.31923267544687!2d24.608236516695435!3d56.80458990617655!2m3!1f0!2f0!3f0!3m2!1i1024!2i768!4f13.1!3m3!1m2!1s0x46e9256d7aa1889d%3A0x1596aed8e5a4d286!2sDaugavpils%20iela%2018%2C%20Ogre%2C%20Ogres%20pils%C4%93ta%2C%20Ogres%20novads%2C%20LV-5001!5e0!3m2!1slv!2slv!4v1754486990809!5m2!1slv!2slv\" width=\"600\" height=\"450\" style=\"border:0;\" allowfullscreen=\"\" loading=\"lazy\" referrerpolicy=\"no-referrer-when-downgrade\"><\/iframe>\n\n\n\n<div>\n<h3 class=\"gb-text gb-text-23f80393\">Get in touch<\/h3>\n\n\n<form action=\"https:\/\/kosterlatvija.lv\/en\/wp-json\/ws-form\/v1\/submit\" class=\"wsf-form wsf-form-canvas\" id=\"ws-form-1\" data-id=\"3\"  data-instance-id=\"1\"  method=\"POST\" data-wsf-style-id=\"1\" data-trp-original-action=\"https:\/\/kosterlatvija.lv\/en\/wp-json\/ws-form\/v1\/submit\"><input type=\"hidden\" name=\"trp-form-language\" value=\"en\"\/><\/form><\/div>\n<\/div>\n<\/section>","protected":false},"excerpt":{"rendered":"<p>11-1Kontakti M\u0101ris Kapusts valdes loceklis llze Linkuma projekta vad\u012bt\u0101ja CM Serviss SIA Adrese Dambja iela 6, Ogre, LV-5001 Noliktava Daugavpils 18, Ogre, LV-5001 Rekviz\u012bti SIA &#8220;CM Serviss&#8221;Dambja iela 6, Ogre, Ogres nov., LV-5001PVN re\u0123. numurs: LV40003728757Bank: SEB BankaSWIFT: UNLALV2XIBAN: LV28UNLA0050005748470 Uzraksti mums<\/p>","protected":false},"author":1,"featured_media":0,"parent":0,"menu_order":0,"comment_status":"closed","ping_status":"closed","template":"","meta":{"_acf_changed":false,"footnotes":""},"class_list":["post-234","page","type-page","status-publish","hentry"],"blocksy_meta":{"has_hero_section":"disabled","vertical_spacing_source":"custom","content_area_spacing":"none","styles_descriptor":{"styles":{"desktop":"","tablet":"","mobile":""},"google_fonts":[],"version":6}},"acf":[],"_links":{"self":[{"href":"https:\/\/kosterlatvija.lv\/en\/wp-json\/wp\/v2\/pages\/234","targetHints":{"allow":["GET"]}}],"collection":[{"href":"https:\/\/kosterlatvija.lv\/en\/wp-json\/wp\/v2\/pages"}],"about":[{"href":"https:\/\/kosterlatvija.lv\/en\/wp-json\/wp\/v2\/types\/page"}],"author":[{"embeddable":true,"href":"https:\/\/kosterlatvija.lv\/en\/wp-json\/wp\/v2\/users\/1"}],"replies":[{"embeddable":true,"href":"https:\/\/kosterlatvija.lv\/en\/wp-json\/wp\/v2\/comments?post=234"}],"version-history":[{"count":37,"href":"https:\/\/kosterlatvija.lv\/en\/wp-json\/wp\/v2\/pages\/234\/revisions"}],"predecessor-version":[{"id":2414,"href":"https:\/\/kosterlatvija.lv\/en\/wp-json\/wp\/v2\/pages\/234\/revisions\/2414"}],"wp:attachment":[{"href":"https:\/\/kosterlatvija.lv\/en\/wp-json\/wp\/v2\/media?parent=234"}],"curies":[{"name":"wp","href":"https:\/\/api.w.org\/{rel}","templated":true}]}}