{"id":2322,"date":"2025-06-11T16:49:07","date_gmt":"2025-06-11T13:49:07","guid":{"rendered":"https:\/\/kosterlatvija.lv\/?page_id=2322"},"modified":"2025-06-18T14:37:21","modified_gmt":"2025-06-18T11:37:21","slug":"atgriesana-un-maina","status":"publish","type":"page","link":"https:\/\/kosterlatvija.lv\/en\/atgriesana-un-maina\/","title":{"rendered":"Return policy"},"content":{"rendered":"<div class=\"section padding-block-d alignfull\">\n<div class=\"container text-align--center column align-center\">\n<h2 class=\"section-title justify-content--center\"><span class=\"gb-shape\"><svg xmlns=\"http:\/\/www.w3.org\/2000\/svg\" width=\"76.05\" height=\"49.77\" viewbox=\"0 0 76.05 49.77\"><title>11-1<\/title><polyline points=\"30.65 0 48.2 0 17.92 49.77 0 49.77\" fill=\"#49ad33\"><\/polyline><polyline points=\"58.49 0 76.05 0 45.76 49.77 27.84 49.77\" fill=\"#49ad33\"><\/polyline><\/svg><\/span><span class=\"gb-text\">Return policy<\/span><\/h2>\n<\/div>\n<\/div>\n\n\n\n<div class=\"legal-info-conainer\">\n<h2 class=\"gb-text title-small\">K\u0100 ATGRIEZT PRECI<\/h2>\n\n\n\n<p>Ja v\u0113laties atgriezt ieg\u0101d\u0101tu preci, sazinieties ar m\u016bsu klientu apkalpo\u0161anas servisu pa e-pastu&nbsp;<a href=\"mailto:info@kosterlatvija.lv\">info@kosterlatvija.lv<\/a>&nbsp; 14 dienu laik\u0101 p\u0113c preces pieg\u0101des dienas. Iesniedziet savu atgrie\u0161anas piepras\u012bjumu nor\u0101dot atgrie\u0161anas iemeslu.<\/p>\n\n\n\n<p>Ja j\u016bsu atgrie\u0161anas piepras\u012bjums tiks apstiprin\u0101ts, m\u016bsu klientu apkalpo\u0161anas komanda nos\u016bt\u012bs jums detaliz\u0113tus atgrie\u0161anas nor\u0101d\u012bjumus uz j\u016bsu nor\u0101d\u012bto e-pastu.<\/p>\n\n\n\n<p>K\u0101 atgriezt pas\u016bt\u012bjumu:<\/p>\n\n\n\n<p>J\u016bsu s\u016bt\u012bjums&nbsp;j\u0101s\u016bta&nbsp;uz: SIA&nbsp;CM Serviss,&nbsp;Daugavpils iela 18, Ogre, Latvija. Kontaktt\u0101lrunis: +371&nbsp;29609000<\/p>\n\n\n\n<p><strong>Svar\u012bgi: Pieg\u0101des un atgrie\u0161anas izmaksas netiek atmaks\u0101tas.<\/strong><\/p>\n\n\n\n<p><strong>*L\u016bdzu neaizmirstiet pievienot pavadz\u012bmi<\/strong><strong>.<\/strong><\/p>\n\n\n\n<h2 class=\"gb-text title-small\">ATGRIE\u0160ANAS VAI APMAI\u0145AS NOSAC\u012aJUMI<\/h2>\n\n\n\n<p>Lai atgrie\u0161ana vai apmai\u0146a b\u016btu veiksm\u012bga, l\u016bdzu, p\u0101rliecinieties, ka Produkti nav&nbsp;atv\u0113rti&nbsp;vai lietoti. Produkti&nbsp;j\u0101atgrie\u017e&nbsp;ori\u0123in\u0101laj\u0101 iepakojum\u0101.<\/p>\n\n\n\n<p>SIA&nbsp;CM Serviss&nbsp;pie\u0146em apmai\u0146ai preci, ja t\u0101 tiek atgriezta nesaboj\u0101ta&nbsp;un&nbsp;neizkomplekt\u0113ta.&nbsp;<\/p>\n\n\n\n<h2 class=\"gb-text title-small\">NAUDAS ATMAKSA<\/h2>\n\n\n\n<p>P\u0113c j\u016bsu atgriezto pre\u010du sa\u0146em\u0161anas, j\u016bs sa\u0146emsiet apstiprin\u0101juma e-pastu. J\u016bsu atmaksa tiks veikta 14 dienu laik\u0101 no pre\u010du sa\u0146em\u0161anas datuma. Naudas atmaksa tiek veikta izmantojot t\u0101du pa\u0161u maks\u0101\u0161anas l\u012bdzekli, k\u0101du klients izmantoja dar\u012bjum\u0101. Nauda tiks atgriezta uz to pa\u0161u kontu, no kura tika veikta apmaksa.<\/p>\n\n\n\n<p>M\u0113s paturam ties\u012bbas noraid\u012bt atgrie\u0161anu vai atmaksu, ja Produkti nav pie\u0146emam\u0101 st\u0101vokl\u012b atgrie\u0161anai vai tiem nav ori\u0123in\u0101lais iepakojums un netiek iev\u0113rotas pras\u012bbas produktu atgrie\u0161anai lab\u0101 st\u0101vokl\u012b.<\/p>\n\n\n\n<h2 class=\"gb-text title-small\">SAZINIETIES AR MUMS<\/h2>\n\n\n\n<p>Ja jums nepiecie\u0161ama pal\u012bdz\u012bba ar preces atgrie\u0161anu vai mai\u0146u, l\u016bdzu, sazinieties ar m\u016bsu klientu apkalpo\u0161anas servisu pa e-pastu info@kosterlatvija.lv&nbsp;vai zvaniet pa t\u0101lruni +371&nbsp;29609000, no pirmdienas l\u012bdz piektdienai (iz\u0146emot valsts sv\u0113tku dienas), no plkst. 10:00 l\u012bdz 16:00.<\/p>\n<\/div>","protected":false},"excerpt":{"rendered":"<p>11-1Atgrie\u0161ana un mai\u0146a K\u0100 ATGRIEZT PRECI Ja v\u0113laties atgriezt ieg\u0101d\u0101tu preci, sazinieties ar m\u016bsu klientu apkalpo\u0161anas servisu pa e-pastu&nbsp;info@kosterlatvija.lv&nbsp; 14 dienu laik\u0101 p\u0113c preces pieg\u0101des dienas. Iesniedziet savu atgrie\u0161anas piepras\u012bjumu nor\u0101dot atgrie\u0161anas iemeslu. Ja j\u016bsu atgrie\u0161anas piepras\u012bjums tiks apstiprin\u0101ts, m\u016bsu klientu apkalpo\u0161anas komanda nos\u016bt\u012bs jums detaliz\u0113tus atgrie\u0161anas nor\u0101d\u012bjumus uz j\u016bsu nor\u0101d\u012bto e-pastu. K\u0101 atgriezt pas\u016bt\u012bjumu: [&hellip;]<\/p>","protected":false},"author":1,"featured_media":0,"parent":0,"menu_order":0,"comment_status":"closed","ping_status":"closed","template":"","meta":{"_acf_changed":false,"footnotes":""},"class_list":["post-2322","page","type-page","status-publish","hentry"],"blocksy_meta":{"has_hero_section":"disabled","vertical_spacing_source":"custom","content_area_spacing":"bottom","styles_descriptor":{"styles":{"desktop":"","tablet":"","mobile":""},"google_fonts":[],"version":6}},"acf":[],"_links":{"self":[{"href":"https:\/\/kosterlatvija.lv\/en\/wp-json\/wp\/v2\/pages\/2322","targetHints":{"allow":["GET"]}}],"collection":[{"href":"https:\/\/kosterlatvija.lv\/en\/wp-json\/wp\/v2\/pages"}],"about":[{"href":"https:\/\/kosterlatvija.lv\/en\/wp-json\/wp\/v2\/types\/page"}],"author":[{"embeddable":true,"href":"https:\/\/kosterlatvija.lv\/en\/wp-json\/wp\/v2\/users\/1"}],"replies":[{"embeddable":true,"href":"https:\/\/kosterlatvija.lv\/en\/wp-json\/wp\/v2\/comments?post=2322"}],"version-history":[{"count":2,"href":"https:\/\/kosterlatvija.lv\/en\/wp-json\/wp\/v2\/pages\/2322\/revisions"}],"predecessor-version":[{"id":2379,"href":"https:\/\/kosterlatvija.lv\/en\/wp-json\/wp\/v2\/pages\/2322\/revisions\/2379"}],"wp:attachment":[{"href":"https:\/\/kosterlatvija.lv\/en\/wp-json\/wp\/v2\/media?parent=2322"}],"curies":[{"name":"wp","href":"https:\/\/api.w.org\/{rel}","templated":true}]}}