{"id":2320,"date":"2025-06-11T16:26:36","date_gmt":"2025-06-11T13:26:36","guid":{"rendered":"https:\/\/kosterlatvija.lv\/?page_id=2320"},"modified":"2025-06-20T18:27:58","modified_gmt":"2025-06-20T15:27:58","slug":"piegade","status":"publish","type":"page","link":"https:\/\/kosterlatvija.lv\/en\/piegade\/","title":{"rendered":"Shipping"},"content":{"rendered":"<div class=\"section padding-block-d alignfull\">\n<div class=\"container text-align--center column align-center\">\n<h2 class=\"section-title justify-content--center\"><span class=\"gb-shape\"><svg xmlns=\"http:\/\/www.w3.org\/2000\/svg\" width=\"76.05\" height=\"49.77\" viewbox=\"0 0 76.05 49.77\"><title>11-1<\/title><polyline points=\"30.65 0 48.2 0 17.92 49.77 0 49.77\" fill=\"#49ad33\"><\/polyline><polyline points=\"58.49 0 76.05 0 45.76 49.77 27.84 49.77\" fill=\"#49ad33\"><\/polyline><\/svg><\/span><span class=\"gb-text\">Shipping<\/span><\/h2>\n<\/div>\n<\/div>\n\n\n\n<div class=\"legal-info-conainer\">\n<h2 class=\"gb-text title-small\">DELIVERY TIMES AND COSTS<\/h2>\n\n\n\n<p>Delivery costs vary depending on your delivery location and the total value of your purchase. Exact delivery charges will be shown during the checkout process.&nbsp;<\/p>\n\n\n\n<p>In addition to selecting the desired products, the customer must choose a preferred delivery method:<\/p>\n\n\n\n<ul class=\"wp-block-list\">\n<li>Free pickup (by prior arrangement) at the SIA CM Serviss warehouse, Daugavpils iela 18, Ogre.<\/li>\n\n\n\n<li>For other pickup or delivery options, please contact kosterlatvija.lv before completing your purchase.<\/li>\n<\/ul>\n\n\n\n<h2 class=\"gb-text title-small\">ORDER PROCESSING<\/h2>\n\n\n\n<p>To ensure an excellent shopping experience, please double-check and provide an accurate delivery address. Don\u2019t forget to include a reachable phone number in case the courier needs to contact you to coordinate delivery.<\/p>\n\n\n\n<p>Once payment is received, we typically process the order within 1 business day. In rare cases, processing may take longer than one working day.<\/p>\n\n\n\n<p class=\"translation-block\">The production time for orders is <strong>5 business days<\/strong>,, provided the selected fabric is available in our warehouse. If the fabric is not in stock, we will contact you to inform you about the expected wait time or offer you an alternative fabric option.<\/p>\n\n\n\n<p>Please note that we do not dispatch orders on weekends or public holidays.<\/p>\n\n\n\n<p>SIA CM Serviss is not responsible for any losses or consequences resulting from incorrect information provided by the customer in the order. If delivery is delayed due to force majeure or circumstances caused by third parties, you will be notified by email about the delay.<\/p>\n\n\n\n<h2 class=\"gb-text title-small\">INTERNATIONAL TAXES AND DUTIES<\/h2>\n\n\n\n<p>While we strive to provide you with the best possible international shopping experience, please note that SIA CM Serviss is not responsible for international taxes and duties.&nbsp;<\/p>\n\n\n\n<p>Please note that SIA CM Serviss cannot provide specific information regarding the amount of taxes or duties, nor can we predict any potential delays in the delivery of your package.<\/p>\n<\/div>","protected":false},"excerpt":{"rendered":"<p>11-1Pieg\u0101de PIEG\u0100DES LAIKI UN IZMAKSAS Pieg\u0101des izmaksas main\u0101s atkar\u012bb\u0101 no j\u016bsu pieg\u0101des vietas un kop\u0113j\u0101s pirkuma summas. Prec\u012bzas pieg\u0101des izmaksas tiks nor\u0101d\u012btas nor\u0113\u0137inu procesa laik\u0101.&nbsp; Papildus izv\u0113l\u0113taj\u0101m prec\u0113m, Klientam j\u0101ievada v\u0113lamais Preces sa\u0146em\u0161anas veids: PAS\u016aT\u012aJUMA APSTR\u0100DE Lai nodro\u0161in\u0101tu izcilu iepirk\u0161an\u0101s pieredzi, l\u016bdzu, p\u0101rbaudiet un nor\u0101diet prec\u012bzu pieg\u0101des adresi. Neaizmirstiet nor\u0101d\u012bt sasniedzamu t\u0101lru\u0146a numuru, ja kurjeram [&hellip;]<\/p>","protected":false},"author":1,"featured_media":0,"parent":0,"menu_order":0,"comment_status":"closed","ping_status":"closed","template":"","meta":{"_acf_changed":false,"footnotes":""},"class_list":["post-2320","page","type-page","status-publish","hentry"],"blocksy_meta":{"has_hero_section":"disabled","vertical_spacing_source":"custom","content_area_spacing":"bottom","styles_descriptor":{"styles":{"desktop":"","tablet":"","mobile":""},"google_fonts":[],"version":6}},"acf":[],"_links":{"self":[{"href":"https:\/\/kosterlatvija.lv\/en\/wp-json\/wp\/v2\/pages\/2320","targetHints":{"allow":["GET"]}}],"collection":[{"href":"https:\/\/kosterlatvija.lv\/en\/wp-json\/wp\/v2\/pages"}],"about":[{"href":"https:\/\/kosterlatvija.lv\/en\/wp-json\/wp\/v2\/types\/page"}],"author":[{"embeddable":true,"href":"https:\/\/kosterlatvija.lv\/en\/wp-json\/wp\/v2\/users\/1"}],"replies":[{"embeddable":true,"href":"https:\/\/kosterlatvija.lv\/en\/wp-json\/wp\/v2\/comments?post=2320"}],"version-history":[{"count":2,"href":"https:\/\/kosterlatvija.lv\/en\/wp-json\/wp\/v2\/pages\/2320\/revisions"}],"predecessor-version":[{"id":2406,"href":"https:\/\/kosterlatvija.lv\/en\/wp-json\/wp\/v2\/pages\/2320\/revisions\/2406"}],"wp:attachment":[{"href":"https:\/\/kosterlatvija.lv\/en\/wp-json\/wp\/v2\/media?parent=2320"}],"curies":[{"name":"wp","href":"https:\/\/api.w.org\/{rel}","templated":true}]}}