{"id":232,"date":"2025-05-20T12:17:48","date_gmt":"2025-05-20T09:17:48","guid":{"rendered":"https:\/\/kosterlatvija.lv\/?page_id=232"},"modified":"2025-05-26T19:11:13","modified_gmt":"2025-05-26T16:11:13","slug":"atsauksmes","status":"publish","type":"page","link":"https:\/\/kosterlatvija.lv\/en\/atsauksmes\/","title":{"rendered":"Reviews"},"content":{"rendered":"<div class=\"section padding-block-d alignfull\">\n<div class=\"container text-align--center column align-center\">\n<h2 class=\"section-title justify-content--center\"><span class=\"gb-shape\"><svg xmlns=\"http:\/\/www.w3.org\/2000\/svg\" width=\"76.05\" height=\"49.77\" viewbox=\"0 0 76.05 49.77\"><title>11-1<\/title><polyline points=\"30.65 0 48.2 0 17.92 49.77 0 49.77\" fill=\"#49ad33\"><\/polyline><polyline points=\"58.49 0 76.05 0 45.76 49.77 27.84 49.77\" fill=\"#49ad33\"><\/polyline><\/svg><\/span><span class=\"gb-text\">Reviews<\/span><\/h2>\n\n\n\n<p class=\"gb-text\">Below you can read the latest customer reviews.<\/p>\n\n\n\n<a class=\"gb-text button-d button-primary\" href=\"#add-review\">Add a review<\/a>\n<\/div>\n<\/div>\n\n\n\n<section class=\"section padding-bottom-m alignfull\">\n<div class=\"container\">\n<div><div class=\"reviews-container\">\n<div class=\"gb-loop-item atsauksmes__item post-1648 atsauksmes type-atsauksmes status-publish has-post-thumbnail hentry\">\n<div class=\"review-item__review\">\n<span class=\"gb-text review-rating\" style=\"--rating:5\" data-label=\"5 out of 5\">\u2605\u2605\u2605\u2605\u2605<\/span>\n\n\n\n<p class=\"gb-text\">Esam izm\u0113\u0123in\u0101ju\u0161i vair\u0101kus z\u012bmolus, ta\u010du K\u00d6STER risin\u0101jumi izce\u013cas ar tehnisko daudzveid\u012bbu. Ne vienm\u0113r iesp\u0113jams uzreiz prec\u012bzi noteikt piem\u0113rot\u0101ko hidroizol\u0101cijas pieeju, ta\u010du K\u00d6STER pied\u0101v\u0101 pla\u0161u tehnolo\u0123iju kl\u0101stu, kas \u013cauj atrast piem\u0113rot\u0101ko risin\u0101jumu da\u017e\u0101d\u0101m situ\u0101cij\u0101m.<\/p>\n<\/div>\n\n\n\n<div class=\"review-item__signature-container\">\n<div>\n<h4 class=\"gb-text review-item__name\">Juris \u010cagus<\/h4>\n\n\n\n<p class=\"gb-text review-item__occupation\">kvadrum.lv<\/p>\n<\/div>\n\n\n\n<div class=\"review-item__img-container\">\n<img loading=\"lazy\" decoding=\"async\" width=\"640\" height=\"396\" data-media-id=\"2330\" class=\"review-item__img\" alt=\"\" src=\"https:\/\/kosterlatvija.lv\/wp-content\/uploads\/2025\/05\/image001.jpg.jpeg\" srcset=\"https:\/\/kosterlatvija.lv\/wp-content\/uploads\/2025\/05\/image001.jpg.jpeg 640w, https:\/\/kosterlatvija.lv\/wp-content\/uploads\/2025\/05\/image001.jpg-300x186.jpeg 300w, https:\/\/kosterlatvija.lv\/wp-content\/uploads\/2025\/05\/image001.jpg-600x371.jpeg 600w\" sizes=\"auto, (max-width: 640px) 100vw, 640px\" \/>\n<\/div>\n<\/div>\n<\/div>\n\n<div class=\"gb-loop-item atsauksmes__item post-1430 atsauksmes type-atsauksmes status-publish has-post-thumbnail hentry\">\n<div class=\"review-item__review\">\n<span class=\"gb-text review-rating\" style=\"--rating:5\" data-label=\"5 out of 5\">\u2605\u2605\u2605\u2605\u2605<\/span>\n\n\n\n<p class=\"gb-text\">Str\u0101d\u0101jam ar Koster materi\u0101liem jau vair\u0101k k\u0101 10 gadus \u2013 vienm\u0113r kvalitat\u012bvi un uzticami rezult\u0101ti. Ar\u012b sare\u017e\u0123\u012btiem projektiem tiek atrasts risin\u0101jums, kas pilda savu funkciju perfekti  Klienti apmierin\u0101ti, un mums maz\u0101k raizes par garantij\u0101m.<\/p>\n<\/div>\n\n\n\n<div class=\"review-item__signature-container\">\n<div>\n<h4 class=\"gb-text review-item__name\">Toms \u0112.<\/h4>\n\n\n\n<p class=\"gb-text review-item__occupation\">TEAM T<\/p>\n<\/div>\n\n\n\n<div class=\"review-item__img-container\">\n<img decoding=\"async\" data-media-id=\"2402\" class=\"review-item__img\" alt=\"\" src=\"https:\/\/kosterlatvija.lv\/wp-content\/uploads\/2025\/05\/TEAM_T_logo.svg\"\/>\n<\/div>\n<\/div>\n<\/div>\n<\/div><\/div>\n<\/div>\n<\/section>\n\n\n\n<section class=\"section add-review alignfull\" id=\"add-review\">\n<div class=\"container add-review__container\">\n<div class=\"text-align--center column\">\n<h2 class=\"section-title justify-content--center\"><span class=\"gb-shape\"><svg xmlns=\"http:\/\/www.w3.org\/2000\/svg\" width=\"76.05\" height=\"49.77\" viewbox=\"0 0 76.05 49.77\"><title>11-1<\/title><polyline points=\"30.65 0 48.2 0 17.92 49.77 0 49.77\" fill=\"#49ad33\"><\/polyline><polyline points=\"58.49 0 76.05 0 45.76 49.77 27.84 49.77\" fill=\"#49ad33\"><\/polyline><\/svg><\/span><span class=\"gb-text\">Add a review<\/span><\/h2>\n\n\n\n<p>Add your review about your experience with Koster Latvia.<\/p>\n<\/div>\n\n\n<form action=\"https:\/\/kosterlatvija.lv\/en\/wp-json\/ws-form\/v1\/submit\" class=\"wsf-form wsf-form-canvas\" id=\"ws-form-1\" data-id=\"1\"  data-instance-id=\"1\"  method=\"POST\" data-wsf-style-id=\"1\" data-trp-original-action=\"https:\/\/kosterlatvija.lv\/en\/wp-json\/ws-form\/v1\/submit\"><input type=\"hidden\" name=\"trp-form-language\" value=\"en\"\/><\/form><\/div>\n<\/section>","protected":false},"excerpt":{"rendered":"<p>11-1Atsauksmes Zem\u0101k varat izlas\u012bt jaun\u0101k\u0101s klientu atsauksmes. Pievienot atsauksmi 11-1Pievieno atsauksmi PIevieno savu atsauksmi par pieredzi ar Koster Latvija<\/p>","protected":false},"author":1,"featured_media":0,"parent":0,"menu_order":0,"comment_status":"closed","ping_status":"closed","template":"","meta":{"_acf_changed":false,"footnotes":""},"class_list":["post-232","page","type-page","status-publish","hentry"],"blocksy_meta":{"has_hero_section":"disabled","vertical_spacing_source":"custom","content_area_spacing":"none","styles_descriptor":{"styles":{"desktop":"","tablet":"","mobile":""},"google_fonts":[],"version":6}},"acf":[],"_links":{"self":[{"href":"https:\/\/kosterlatvija.lv\/en\/wp-json\/wp\/v2\/pages\/232","targetHints":{"allow":["GET"]}}],"collection":[{"href":"https:\/\/kosterlatvija.lv\/en\/wp-json\/wp\/v2\/pages"}],"about":[{"href":"https:\/\/kosterlatvija.lv\/en\/wp-json\/wp\/v2\/types\/page"}],"author":[{"embeddable":true,"href":"https:\/\/kosterlatvija.lv\/en\/wp-json\/wp\/v2\/users\/1"}],"replies":[{"embeddable":true,"href":"https:\/\/kosterlatvija.lv\/en\/wp-json\/wp\/v2\/comments?post=232"}],"version-history":[{"count":31,"href":"https:\/\/kosterlatvija.lv\/en\/wp-json\/wp\/v2\/pages\/232\/revisions"}],"predecessor-version":[{"id":1554,"href":"https:\/\/kosterlatvija.lv\/en\/wp-json\/wp\/v2\/pages\/232\/revisions\/1554"}],"wp:attachment":[{"href":"https:\/\/kosterlatvija.lv\/en\/wp-json\/wp\/v2\/media?parent=232"}],"curies":[{"name":"wp","href":"https:\/\/api.w.org\/{rel}","templated":true}]}}