{"id":2315,"date":"2025-06-11T16:14:14","date_gmt":"2025-06-11T13:14:14","guid":{"rendered":"https:\/\/kosterlatvija.lv\/?page_id=2315"},"modified":"2025-06-11T16:15:29","modified_gmt":"2025-06-11T13:15:29","slug":"maksajumi","status":"publish","type":"page","link":"https:\/\/kosterlatvija.lv\/en\/maksajumi\/","title":{"rendered":"Payments"},"content":{"rendered":"<div class=\"section padding-block-d alignfull\">\n<div class=\"container text-align--center column align-center\">\n<h2 class=\"section-title justify-content--center\"><span class=\"gb-shape\"><svg xmlns=\"http:\/\/www.w3.org\/2000\/svg\" width=\"76.05\" height=\"49.77\" viewbox=\"0 0 76.05 49.77\"><title>11-1<\/title><polyline points=\"30.65 0 48.2 0 17.92 49.77 0 49.77\" fill=\"#49ad33\"><\/polyline><polyline points=\"58.49 0 76.05 0 45.76 49.77 27.84 49.77\" fill=\"#49ad33\"><\/polyline><\/svg><\/span><span class=\"gb-text\">Payments<\/span><\/h2>\n<\/div>\n<\/div>\n\n\n\n<div class=\"legal-info-conainer\">\n<p class=\"translation-block\">We accept <strong>Visa, Visa Electron, Mastercard, Apple Pay, and Google Pay<\/strong>, giving you the flexibility to choose the payment method that suits you best.<\/p>\n\n\n\n<p>SIA CM Serviss ensures the security of your payment. We handle your data and personal information with care, using trusted and globally recognized data security systems.&nbsp;<\/p>\n\n\n\n<p>Before making a payment, customers must verify that the products, quantities, and prices shown in the order match their expectations.<\/p>\n\n\n\n<p class=\"translation-block\">All prices are displayed in EUR including VAT. Delivery charges (if applicable) are calculated and shown separately before payment is completed.<\/p>\n\n\n\n<p>Products are sold at the price valid at the time of order, except in cases where an incorrect price is displayed due to a technical error or system malfunction.&nbsp;<\/p>\n\n\n\n<p>Delivery costs (if applicable) are calculated and listed separately before payment is completed.<\/p>\n\n\n\n<p>Orders must be paid in full immediately. Once payment is received, the order is considered submitted and will be processed.<\/p>\n\n\n\n<p>Kosterlatvija.lv will send the customer an automatic email confirmation of the order. If the customer notices any errors (e.g., incorrect items or quantities), they must contact Kosterlatvija.lv support immediately at\u00a0<a href=\"mailto:info@kosterlatvija.lv\">info@kosterlatvija.lv<\/a>.<\/p>\n\n\n\n<p>If, after placing the order, Kosterlatvija.lv is unable to deliver the ordered product or quantity, the company reserves the right\u2014in consultation with the customer\u2014to substitute the product with an equivalent item.<\/p>\n\n\n\n<p>If the product cannot be replaced or substituted, the customer has the right to cancel the order, and the payment will be refunded to the customer's bank account within 14 business days.&nbsp;<\/p>\n\n\n\n<p>Kosterlatvija.lv also reserves the right to cancel the order by notifying the customer and stating the reason. In such cases, any payments received will be refunded within 14 business days.<\/p>\n<\/div>","protected":false},"excerpt":{"rendered":"<p>11-1Maks\u0101jumi M\u0113s pie\u0146emam Visa, Visa\u00a0Electron\u00a0un\u00a0Mastercard,\u00a0Apple\u00a0Pay, Google\u00a0Pay,\u00a0 \u013caujot jums izv\u0113l\u0113ties risin\u0101jumus, kas vislab\u0101k atbilst j\u016bsu \u0113rt\u012bb\u0101m. SIA&nbsp;CM Serviss&nbsp;nodro\u0161ina j\u016bsu maks\u0101jumu dro\u0161\u012bbu. M\u0113s r\u016bp\u012bgi apstr\u0101d\u0101jam j\u016bsu datus un priv\u0101to inform\u0101ciju, izmantojot p\u0101rbaud\u012btas un glob\u0101li atz\u012btas datu dro\u0161\u012bbas sist\u0113mas.&nbsp; Klients pirms maks\u0101juma veik\u0161anas p\u0101rbauda, vai pas\u016bt\u012bjum\u0101 redzamie Produkti, to daudzums un cenas atbilst vi\u0146a v\u0113lm\u0113m. Visas cenas nor\u0101d\u012btas\u00a0euro\u00a0ar [&hellip;]<\/p>","protected":false},"author":1,"featured_media":0,"parent":0,"menu_order":0,"comment_status":"closed","ping_status":"closed","template":"","meta":{"_acf_changed":false,"footnotes":""},"class_list":["post-2315","page","type-page","status-publish","hentry"],"blocksy_meta":{"has_hero_section":"disabled","vertical_spacing_source":"custom","content_area_spacing":"bottom","styles_descriptor":{"styles":{"desktop":"","tablet":"","mobile":""},"google_fonts":[],"version":6}},"acf":[],"_links":{"self":[{"href":"https:\/\/kosterlatvija.lv\/en\/wp-json\/wp\/v2\/pages\/2315","targetHints":{"allow":["GET"]}}],"collection":[{"href":"https:\/\/kosterlatvija.lv\/en\/wp-json\/wp\/v2\/pages"}],"about":[{"href":"https:\/\/kosterlatvija.lv\/en\/wp-json\/wp\/v2\/types\/page"}],"author":[{"embeddable":true,"href":"https:\/\/kosterlatvija.lv\/en\/wp-json\/wp\/v2\/users\/1"}],"replies":[{"embeddable":true,"href":"https:\/\/kosterlatvija.lv\/en\/wp-json\/wp\/v2\/comments?post=2315"}],"version-history":[{"count":2,"href":"https:\/\/kosterlatvija.lv\/en\/wp-json\/wp\/v2\/pages\/2315\/revisions"}],"predecessor-version":[{"id":2319,"href":"https:\/\/kosterlatvija.lv\/en\/wp-json\/wp\/v2\/pages\/2315\/revisions\/2319"}],"wp:attachment":[{"href":"https:\/\/kosterlatvija.lv\/en\/wp-json\/wp\/v2\/media?parent=2315"}],"curies":[{"name":"wp","href":"https:\/\/api.w.org\/{rel}","templated":true}]}}