{"id":230,"date":"2025-05-20T12:17:37","date_gmt":"2025-05-20T09:17:37","guid":{"rendered":"https:\/\/kosterlatvija.lv\/?page_id=230"},"modified":"2025-05-26T14:30:19","modified_gmt":"2025-05-26T11:30:19","slug":"par-mums","status":"publish","type":"page","link":"https:\/\/kosterlatvija.lv\/en\/par-mums\/","title":{"rendered":"About us"},"content":{"rendered":"<section class=\"section padding-block-m gb-element-ea2777b4 alignfull\">\n<div class=\"container grid-2 gap-l about__container\">\n<div class=\"about__img-container\">\n<img loading=\"lazy\" decoding=\"async\" width=\"1314\" height=\"913\" class=\"about-img\" alt=\"\" src=\"https:\/\/kosterlatvija.lv\/wp-content\/uploads\/2025\/05\/about-6.jpg\" title=\"about-6\" srcset=\"https:\/\/kosterlatvija.lv\/wp-content\/uploads\/2025\/05\/about-6.jpg 1314w, https:\/\/kosterlatvija.lv\/wp-content\/uploads\/2025\/05\/about-6-600x417.jpg 600w, https:\/\/kosterlatvija.lv\/wp-content\/uploads\/2025\/05\/about-6-300x208.jpg 300w, https:\/\/kosterlatvija.lv\/wp-content\/uploads\/2025\/05\/about-6-1024x712.jpg 1024w, https:\/\/kosterlatvija.lv\/wp-content\/uploads\/2025\/05\/about-6-768x534.jpg 768w\" sizes=\"auto, (max-width: 1314px) 100vw, 1314px\" \/>\n<\/div>\n\n\n\n<div class=\"column column-m relative about__content\">\n<h2 class=\"about-us__title section-title\"><span class=\"gb-shape\"><svg xmlns=\"http:\/\/www.w3.org\/2000\/svg\" width=\"76.05\" height=\"49.77\" viewbox=\"0 0 76.05 49.77\"><title>11-1<\/title><polyline points=\"30.65 0 48.2 0 17.92 49.77 0 49.77\" fill=\"#49ad33\"><\/polyline><polyline points=\"58.49 0 76.05 0 45.76 49.77 27.84 49.77\" fill=\"#49ad33\"><\/polyline><\/svg><\/span><span class=\"gb-text\">Our quality<\/span><\/h2>\n\n\n\n<p class=\"gb-text\">Waterproofing is an area where good quality materials and application can not only make the difference, they can save you time and money. It is our policy to offer materials of the highest quality, durability and general performance. We never compromise on quality and believe in developing strong and lasting relationships with our customers. We apply this commitment to all levels of our service, from research &amp; development, through production to our sales department.This is proven by our DIN EN ISO 9001:2008 certified QM-System.<\/p>\n<\/div>\n<\/div>\n<\/section>\n\n\n\n<section class=\"section padding-block-m gb-element-b778ad98 alignfull\">\n<div class=\"container grid-2 gap-l about__container\">\n<div class=\"column column-m relative about__content gb-element-cfce1cea\">\n<h2 class=\"about-us__title section-title\"><span class=\"gb-shape\"><svg xmlns=\"http:\/\/www.w3.org\/2000\/svg\" width=\"76.05\" height=\"49.77\" viewbox=\"0 0 76.05 49.77\"><title>11-1<\/title><polyline points=\"30.65 0 48.2 0 17.92 49.77 0 49.77\" fill=\"#49ad33\"><\/polyline><polyline points=\"58.49 0 76.05 0 45.76 49.77 27.84 49.77\" fill=\"#49ad33\"><\/polyline><\/svg><\/span><span class=\"gb-text\">Our Experience<\/span><\/h2>\n\n\n\n<p class=\"gb-text\"><strong>More than 35 years of experience<\/strong><br>K\u00d6STER BAUCHEMIE AG specializes in the development and production of high quality waterproofing products and systems. Today, K\u00d6STER forms a group of more than 20 companies with worldwide activities in more than 50 countries. Its headquarters are located in Aurich, Germany.<\/p>\n<\/div>\n\n\n\n<div class=\"about__img-container\">\n<img loading=\"lazy\" decoding=\"async\" width=\"769\" height=\"762\" class=\"about-img gb-media-47b6ed5f\" alt=\"\" src=\"https:\/\/kosterlatvija.lv\/wp-content\/uploads\/2025\/05\/KOESTER-Technical-Consultation-on-the-Construction-Site-1.jpg\" title=\"KOESTER-Technical-Consultation-on-the-Construction-Site (1)\" srcset=\"https:\/\/kosterlatvija.lv\/wp-content\/uploads\/2025\/05\/KOESTER-Technical-Consultation-on-the-Construction-Site-1.jpg 769w, https:\/\/kosterlatvija.lv\/wp-content\/uploads\/2025\/05\/KOESTER-Technical-Consultation-on-the-Construction-Site-1-100x100.jpg 100w, https:\/\/kosterlatvija.lv\/wp-content\/uploads\/2025\/05\/KOESTER-Technical-Consultation-on-the-Construction-Site-1-600x595.jpg 600w, https:\/\/kosterlatvija.lv\/wp-content\/uploads\/2025\/05\/KOESTER-Technical-Consultation-on-the-Construction-Site-1-300x297.jpg 300w, https:\/\/kosterlatvija.lv\/wp-content\/uploads\/2025\/05\/KOESTER-Technical-Consultation-on-the-Construction-Site-1-150x150.jpg 150w\" sizes=\"auto, (max-width: 769px) 100vw, 769px\" \/>\n<\/div>\n<\/div>\n<\/section>\n\n\n\n<section class=\"section padding-block-m about alignfull\">\n<div class=\"container grid-2 gap-l about__container\">\n<div class=\"about__img-container\">\n<img loading=\"lazy\" decoding=\"async\" width=\"1920\" height=\"1080\" class=\"about-img\" alt=\"\" src=\"https:\/\/kosterlatvija.lv\/wp-content\/uploads\/2025\/05\/KOESTER-Waterproofing-from-Basement-to-Roof.jpg\" title=\"KOESTER-Waterproofing-from-Basement-to-Roof\" srcset=\"https:\/\/kosterlatvija.lv\/wp-content\/uploads\/2025\/05\/KOESTER-Waterproofing-from-Basement-to-Roof.jpg 1920w, https:\/\/kosterlatvija.lv\/wp-content\/uploads\/2025\/05\/KOESTER-Waterproofing-from-Basement-to-Roof-600x338.jpg 600w, https:\/\/kosterlatvija.lv\/wp-content\/uploads\/2025\/05\/KOESTER-Waterproofing-from-Basement-to-Roof-300x169.jpg 300w, https:\/\/kosterlatvija.lv\/wp-content\/uploads\/2025\/05\/KOESTER-Waterproofing-from-Basement-to-Roof-1024x576.jpg 1024w, https:\/\/kosterlatvija.lv\/wp-content\/uploads\/2025\/05\/KOESTER-Waterproofing-from-Basement-to-Roof-768x432.jpg 768w, https:\/\/kosterlatvija.lv\/wp-content\/uploads\/2025\/05\/KOESTER-Waterproofing-from-Basement-to-Roof-1536x864.jpg 1536w\" sizes=\"auto, (max-width: 1920px) 100vw, 1920px\" \/>\n<\/div>\n\n\n\n<div class=\"column column-m relative about__content\">\n<h2 class=\"about-us__title section-title\"><span class=\"gb-shape\"><svg xmlns=\"http:\/\/www.w3.org\/2000\/svg\" width=\"76.05\" height=\"49.77\" viewbox=\"0 0 76.05 49.77\"><title>11-1<\/title><polyline points=\"30.65 0 48.2 0 17.92 49.77 0 49.77\" fill=\"#49ad33\"><\/polyline><polyline points=\"58.49 0 76.05 0 45.76 49.77 27.84 49.77\" fill=\"#49ad33\"><\/polyline><\/svg><\/span><span class=\"gb-text\">Our expertise<\/span><\/h2>\n\n\n\n<p class=\"gb-text\">Solving waterproofing problems successfully requires knowledge and experience. Therefore, we provide expert advice to our customers on how to solve their specific problems with the highest level of security and in regard to cost and time. Additionally, we conduct regular training and seminars for architects and applicators to ensure the successful application of our products.<\/p>\n<\/div>\n<\/div>\n<\/section>\n\n\n\n<p><\/p>","protected":false},"excerpt":{"rendered":"<p>11-1M\u016bsu kvalit\u0101te M\u016bsu m\u0113r\u0137is ir pied\u0101v\u0101t materi\u0101lus ar visaugst\u0101ko kvalit\u0101ti, iztur\u012bbu un kop\u0113jo veiktsp\u0113ju. M\u0113s nekad nekompromit\u0113jamies attiec\u012bb\u0101 uz kvalit\u0101ti un uzskat\u0101m par b\u016btisku izveidot stipras un ilgsto\u0161as attiec\u012bbas ar saviem klientiem. \u0160o ap\u0146em\u0161anos m\u0113s iev\u0113rojam visos m\u016bsu darb\u012bbas l\u012bme\u0146os \u2014 s\u0101kot no p\u0113tniec\u012bbas un izstr\u0101des, caur ra\u017eo\u0161anu l\u012bdz pat tirdzniec\u012bbas noda\u013cai. To apliecina m\u016bsu [&hellip;]<\/p>","protected":false},"author":1,"featured_media":0,"parent":0,"menu_order":0,"comment_status":"closed","ping_status":"closed","template":"","meta":{"_acf_changed":false,"footnotes":""},"class_list":["post-230","page","type-page","status-publish","hentry"],"blocksy_meta":{"has_hero_section":"disabled","vertical_spacing_source":"custom","content_area_spacing":"none","styles_descriptor":{"styles":{"desktop":"","tablet":"","mobile":""},"google_fonts":[],"version":6}},"acf":[],"_links":{"self":[{"href":"https:\/\/kosterlatvija.lv\/en\/wp-json\/wp\/v2\/pages\/230","targetHints":{"allow":["GET"]}}],"collection":[{"href":"https:\/\/kosterlatvija.lv\/en\/wp-json\/wp\/v2\/pages"}],"about":[{"href":"https:\/\/kosterlatvija.lv\/en\/wp-json\/wp\/v2\/types\/page"}],"author":[{"embeddable":true,"href":"https:\/\/kosterlatvija.lv\/en\/wp-json\/wp\/v2\/users\/1"}],"replies":[{"embeddable":true,"href":"https:\/\/kosterlatvija.lv\/en\/wp-json\/wp\/v2\/comments?post=230"}],"version-history":[{"count":14,"href":"https:\/\/kosterlatvija.lv\/en\/wp-json\/wp\/v2\/pages\/230\/revisions"}],"predecessor-version":[{"id":2429,"href":"https:\/\/kosterlatvija.lv\/en\/wp-json\/wp\/v2\/pages\/230\/revisions\/2429"}],"wp:attachment":[{"href":"https:\/\/kosterlatvija.lv\/en\/wp-json\/wp\/v2\/media?parent=230"}],"curies":[{"name":"wp","href":"https:\/\/api.w.org\/{rel}","templated":true}]}}